{"id":84,"date":"2015-06-28T15:07:34","date_gmt":"2015-06-28T15:07:34","guid":{"rendered":"http:\/\/themeenergy.com\/themes\/wordpress\/transfers\/?page_id=84"},"modified":"2024-03-11T19:34:54","modified_gmt":"2024-03-11T19:34:54","slug":"faq","status":"publish","type":"page","link":"https:\/\/aero-transfers.com\/fr\/faq\/","title":{"rendered":"FAQ"},"content":{"rendered":"<div class=\"wpb-content-wrapper\"><div class=\"vc_row wpb_row vc_row-fluid\"><div class=\"wpb_column vc_column_container vc_col-sm-12\"><div class=\"vc_column-inner\"><div class=\"wpb_wrapper\">\n\t<div class=\"wpb_text_column wpb_content_element\" >\n\t\t<div class=\"wpb_wrapper\">\n\t\t\t<p>Bienvenue sur notre page FAQ ! Nous avons compil\u00e9 ici les r\u00e9ponses \u00e0 toutes les questions courantes que vous pourriez vous poser sur nos services. Nous comprenons que la clart\u00e9 et la transparence sont essentielles pour vous offrir la meilleure exp\u00e9rience possible.<\/p>\n<p>Si vous recherchez des informations sur les proc\u00e9dures de r\u00e9servation, les options de transfert, les tarifs ou tout autre aspect de nos services, vous \u00eates au bon endroit. Parcourez simplement les questions et r\u00e9ponses ci-dessous pour trouver ce dont vous avez besoin.<\/p>\n<p>Toutefois, si vous avez une question qui n&#039;est pas abord\u00e9e ici ou si vous avez besoin de pr\u00e9cisions suppl\u00e9mentaires, n&#039;h\u00e9sitez pas \u00e0 nous contacter par e-mail. Notre \u00e9quipe d\u00e9di\u00e9e est pr\u00eate \u00e0 vous aider pour toute demande ou pr\u00e9occupation que vous pourriez avoir.<\/p>\n\n\t\t<\/div>\n\t<\/div>\n<\/div><\/div><\/div><\/div>\n<\/div>","protected":false},"excerpt":{"rendered":"Welcome to our FAQ page! Here, we've compiled answers to all the common questions you might have about our services. We understand that clarity and transparency are essential to providing you with the best experience possible. If you're seeking information on booking procedures, transfer options, pricing, or any other aspect of our services, you're in [...]","protected":false},"author":1,"featured_media":0,"parent":0,"menu_order":0,"comment_status":"open","ping_status":"closed","template":"page-faq-list.php","meta":{"footnotes":""},"class_list":["post-84","page","type-page","status-publish","hentry"],"yoast_head":"<!-- This site is optimized with the Yoast SEO Premium plugin v22.1 (Yoast SEO v27.3) - https:\/\/yoast.com\/product\/yoast-seo-premium-wordpress\/ -->\n<title>Faq - Aero Transfers<\/title>\n<meta name=\"robots\" content=\"index, follow, max-snippet:-1, max-image-preview:large, max-video-preview:-1\" \/>\n<link rel=\"canonical\" href=\"https:\/\/aero-transfers.com\/fr\/faq\/\" \/>\n<meta property=\"og:locale\" content=\"fr_FR\" \/>\n<meta property=\"og:type\" content=\"article\" \/>\n<meta property=\"og:title\" content=\"Faq\" \/>\n<meta property=\"og:url\" content=\"https:\/\/aero-transfers.com\/fr\/faq\/\" \/>\n<meta property=\"og:site_name\" content=\"Aero Transfers\" \/>\n<meta property=\"article:modified_time\" content=\"2024-03-11T19:34:54+00:00\" \/>\n<meta name=\"twitter:card\" content=\"summary_large_image\" \/>\n<meta name=\"twitter:label1\" content=\"Dur\u00e9e de lecture estim\u00e9e\" \/>\n\t<meta name=\"twitter:data1\" content=\"1 minute\" \/>\n<script type=\"application\/ld+json\" class=\"yoast-schema-graph\">{\"@context\":\"https:\\\/\\\/schema.org\",\"@graph\":[{\"@type\":\"WebPage\",\"@id\":\"https:\\\/\\\/aero-transfers.com\\\/faq\\\/\",\"url\":\"https:\\\/\\\/aero-transfers.com\\\/faq\\\/\",\"name\":\"Faq - Aero Transfers\",\"isPartOf\":{\"@id\":\"https:\\\/\\\/aero-transfers.com\\\/#website\"},\"datePublished\":\"2015-06-28T15:07:34+00:00\",\"dateModified\":\"2024-03-11T19:34:54+00:00\",\"breadcrumb\":{\"@id\":\"https:\\\/\\\/aero-transfers.com\\\/faq\\\/#breadcrumb\"},\"inLanguage\":\"fr-FR\",\"potentialAction\":[{\"@type\":\"ReadAction\",\"target\":[\"https:\\\/\\\/aero-transfers.com\\\/faq\\\/\"]}]},{\"@type\":\"BreadcrumbList\",\"@id\":\"https:\\\/\\\/aero-transfers.com\\\/faq\\\/#breadcrumb\",\"itemListElement\":[{\"@type\":\"ListItem\",\"position\":1,\"name\":\"Home\",\"item\":\"https:\\\/\\\/aero-transfers.com\\\/\"},{\"@type\":\"ListItem\",\"position\":2,\"name\":\"Faq\"}]},{\"@type\":\"WebSite\",\"@id\":\"https:\\\/\\\/aero-transfers.com\\\/#website\",\"url\":\"https:\\\/\\\/aero-transfers.com\\\/\",\"name\":\"Aero Transfers\",\"description\":\"Relax, We&#039;ll Take You There\",\"publisher\":{\"@id\":\"https:\\\/\\\/aero-transfers.com\\\/#organization\"},\"potentialAction\":[{\"@type\":\"SearchAction\",\"target\":{\"@type\":\"EntryPoint\",\"urlTemplate\":\"https:\\\/\\\/aero-transfers.com\\\/?s={search_term_string}\"},\"query-input\":{\"@type\":\"PropertyValueSpecification\",\"valueRequired\":true,\"valueName\":\"search_term_string\"}}],\"inLanguage\":\"fr-FR\"},{\"@type\":\"Organization\",\"@id\":\"https:\\\/\\\/aero-transfers.com\\\/#organization\",\"name\":\"Holiday Experts\",\"url\":\"https:\\\/\\\/aero-transfers.com\\\/\",\"logo\":{\"@type\":\"ImageObject\",\"inLanguage\":\"fr-FR\",\"@id\":\"https:\\\/\\\/aero-transfers.com\\\/#\\\/schema\\\/logo\\\/image\\\/\",\"url\":\"https:\\\/\\\/aero-transfers.com\\\/wp-content\\\/uploads\\\/2024\\\/02\\\/Design-sans-titre-1-2.png\",\"contentUrl\":\"https:\\\/\\\/aero-transfers.com\\\/wp-content\\\/uploads\\\/2024\\\/02\\\/Design-sans-titre-1-2.png\",\"width\":1200,\"height\":1200,\"caption\":\"Holiday Experts\"},\"image\":{\"@id\":\"https:\\\/\\\/aero-transfers.com\\\/#\\\/schema\\\/logo\\\/image\\\/\"},\"email\":\"contact@aero-transfers.com\",\"telephone\":\"+212663334691\",\"legalName\":\"Holiday Experts\",\"numberOfEmployees\":{\"@type\":\"QuantitativeValue\",\"minValue\":\"1\",\"maxValue\":\"10\"}}]}<\/script>\n<!-- \/ Yoast SEO Premium plugin. -->","yoast_head_json":{"title":"FAQ - Transferts a\u00e9rodynamiques","robots":{"index":"index","follow":"follow","max-snippet":"max-snippet:-1","max-image-preview":"max-image-preview:large","max-video-preview":"max-video-preview:-1"},"canonical":"https:\/\/aero-transfers.com\/fr\/faq\/","og_locale":"fr_FR","og_type":"article","og_title":"Faq","og_url":"https:\/\/aero-transfers.com\/fr\/faq\/","og_site_name":"Aero Transfers","article_modified_time":"2024-03-11T19:34:54+00:00","twitter_card":"summary_large_image","twitter_misc":{"Dur\u00e9e de lecture estim\u00e9e":"1 minute"},"schema":{"@context":"https:\/\/schema.org","@graph":[{"@type":"WebPage","@id":"https:\/\/aero-transfers.com\/faq\/","url":"https:\/\/aero-transfers.com\/faq\/","name":"FAQ - Transferts a\u00e9rodynamiques","isPartOf":{"@id":"https:\/\/aero-transfers.com\/#website"},"datePublished":"2015-06-28T15:07:34+00:00","dateModified":"2024-03-11T19:34:54+00:00","breadcrumb":{"@id":"https:\/\/aero-transfers.com\/faq\/#breadcrumb"},"inLanguage":"fr-FR","potentialAction":[{"@type":"ReadAction","target":["https:\/\/aero-transfers.com\/faq\/"]}]},{"@type":"BreadcrumbList","@id":"https:\/\/aero-transfers.com\/faq\/#breadcrumb","itemListElement":[{"@type":"ListItem","position":1,"name":"Home","item":"https:\/\/aero-transfers.com\/"},{"@type":"ListItem","position":2,"name":"Faq"}]},{"@type":"WebSite","@id":"https:\/\/aero-transfers.com\/#website","url":"https:\/\/aero-transfers.com\/","name":"Transferts A\u00e9ro","description":"D\u00e9tendez-vous, nous vous y emm\u00e8nerons","publisher":{"@id":"https:\/\/aero-transfers.com\/#organization"},"potentialAction":[{"@type":"SearchAction","target":{"@type":"EntryPoint","urlTemplate":"https:\/\/aero-transfers.com\/?s={search_term_string}"},"query-input":{"@type":"PropertyValueSpecification","valueRequired":true,"valueName":"search_term_string"}}],"inLanguage":"fr-FR"},{"@type":"Organization","@id":"https:\/\/aero-transfers.com\/#organization","name":"Experts en vacances","url":"https:\/\/aero-transfers.com\/","logo":{"@type":"ImageObject","inLanguage":"fr-FR","@id":"https:\/\/aero-transfers.com\/#\/schema\/logo\/image\/","url":"https:\/\/aero-transfers.com\/wp-content\/uploads\/2024\/02\/Design-sans-titre-1-2.png","contentUrl":"https:\/\/aero-transfers.com\/wp-content\/uploads\/2024\/02\/Design-sans-titre-1-2.png","width":1200,"height":1200,"caption":"Holiday Experts"},"image":{"@id":"https:\/\/aero-transfers.com\/#\/schema\/logo\/image\/"},"email":"contact@aero-transfers.com","telephone":"+212663334691","legalName":"Holiday Experts","numberOfEmployees":{"@type":"QuantitativeValue","minValue":"1","maxValue":"10"}}]}},"jetpack_sharing_enabled":true,"_links":{"self":[{"href":"https:\/\/aero-transfers.com\/fr\/wp-json\/wp\/v2\/pages\/84","targetHints":{"allow":["GET"]}}],"collection":[{"href":"https:\/\/aero-transfers.com\/fr\/wp-json\/wp\/v2\/pages"}],"about":[{"href":"https:\/\/aero-transfers.com\/fr\/wp-json\/wp\/v2\/types\/page"}],"author":[{"embeddable":true,"href":"https:\/\/aero-transfers.com\/fr\/wp-json\/wp\/v2\/users\/1"}],"replies":[{"embeddable":true,"href":"https:\/\/aero-transfers.com\/fr\/wp-json\/wp\/v2\/comments?post=84"}],"version-history":[{"count":1,"href":"https:\/\/aero-transfers.com\/fr\/wp-json\/wp\/v2\/pages\/84\/revisions"}],"predecessor-version":[{"id":690,"href":"https:\/\/aero-transfers.com\/fr\/wp-json\/wp\/v2\/pages\/84\/revisions\/690"}],"wp:attachment":[{"href":"https:\/\/aero-transfers.com\/fr\/wp-json\/wp\/v2\/media?parent=84"}],"curies":[{"name":"wp","href":"https:\/\/api.w.org\/{rel}","templated":true}]}}