{"id":65,"date":"2015-06-27T10:03:54","date_gmt":"2015-06-27T10:03:54","guid":{"rendered":"http:\/\/themeenergy.com\/themes\/wordpress\/transfers\/?page_id=65"},"modified":"2015-06-27T10:03:54","modified_gmt":"2015-06-27T10:03:54","slug":"services","status":"publish","type":"page","link":"https:\/\/aero-transfers.com\/fr\/services\/","title":{"rendered":"Services"},"content":{"rendered":"","protected":false},"excerpt":{"rendered":"","protected":false},"author":1,"featured_media":0,"parent":0,"menu_order":0,"comment_status":"open","ping_status":"closed","template":"page-service-list.php","meta":{"footnotes":""},"class_list":["post-65","page","type-page","status-publish","hentry"],"yoast_head":"<!-- This site is optimized with the Yoast SEO Premium plugin v22.1 (Yoast SEO v27.5) - https:\/\/yoast.com\/product\/yoast-seo-premium-wordpress\/ -->\n<title>Services - Aero Transfers<\/title>\n<meta name=\"robots\" content=\"index, follow, max-snippet:-1, max-image-preview:large, max-video-preview:-1\" \/>\n<link rel=\"canonical\" href=\"https:\/\/aero-transfers.com\/fr\/services\/\" \/>\n<meta property=\"og:locale\" content=\"fr_FR\" \/>\n<meta property=\"og:type\" content=\"article\" \/>\n<meta property=\"og:title\" content=\"Services\" \/>\n<meta property=\"og:url\" content=\"https:\/\/aero-transfers.com\/fr\/services\/\" \/>\n<meta property=\"og:site_name\" content=\"Aero Transfers\" \/>\n<meta name=\"twitter:card\" content=\"summary_large_image\" \/>\n<script type=\"application\/ld+json\" class=\"yoast-schema-graph\">{\"@context\":\"https:\\\/\\\/schema.org\",\"@graph\":[{\"@type\":\"WebPage\",\"@id\":\"https:\\\/\\\/aero-transfers.com\\\/services\\\/\",\"url\":\"https:\\\/\\\/aero-transfers.com\\\/services\\\/\",\"name\":\"Services - Aero Transfers\",\"isPartOf\":{\"@id\":\"https:\\\/\\\/aero-transfers.com\\\/#website\"},\"datePublished\":\"2015-06-27T10:03:54+00:00\",\"breadcrumb\":{\"@id\":\"https:\\\/\\\/aero-transfers.com\\\/services\\\/#breadcrumb\"},\"inLanguage\":\"fr-FR\",\"potentialAction\":[{\"@type\":\"ReadAction\",\"target\":[\"https:\\\/\\\/aero-transfers.com\\\/services\\\/\"]}]},{\"@type\":\"BreadcrumbList\",\"@id\":\"https:\\\/\\\/aero-transfers.com\\\/services\\\/#breadcrumb\",\"itemListElement\":[{\"@type\":\"ListItem\",\"position\":1,\"name\":\"Home\",\"item\":\"https:\\\/\\\/aero-transfers.com\\\/\"},{\"@type\":\"ListItem\",\"position\":2,\"name\":\"Services\"}]},{\"@type\":\"WebSite\",\"@id\":\"https:\\\/\\\/aero-transfers.com\\\/#website\",\"url\":\"https:\\\/\\\/aero-transfers.com\\\/\",\"name\":\"Aero Transfers\",\"description\":\"Relax, We&#039;ll Take You There\",\"publisher\":{\"@id\":\"https:\\\/\\\/aero-transfers.com\\\/#organization\"},\"potentialAction\":[{\"@type\":\"SearchAction\",\"target\":{\"@type\":\"EntryPoint\",\"urlTemplate\":\"https:\\\/\\\/aero-transfers.com\\\/?s={search_term_string}\"},\"query-input\":{\"@type\":\"PropertyValueSpecification\",\"valueRequired\":true,\"valueName\":\"search_term_string\"}}],\"inLanguage\":\"fr-FR\"},{\"@type\":\"Organization\",\"@id\":\"https:\\\/\\\/aero-transfers.com\\\/#organization\",\"name\":\"Holiday Experts\",\"url\":\"https:\\\/\\\/aero-transfers.com\\\/\",\"logo\":{\"@type\":\"ImageObject\",\"inLanguage\":\"fr-FR\",\"@id\":\"https:\\\/\\\/aero-transfers.com\\\/#\\\/schema\\\/logo\\\/image\\\/\",\"url\":\"https:\\\/\\\/aero-transfers.com\\\/wp-content\\\/uploads\\\/2024\\\/02\\\/Design-sans-titre-1-2.png\",\"contentUrl\":\"https:\\\/\\\/aero-transfers.com\\\/wp-content\\\/uploads\\\/2024\\\/02\\\/Design-sans-titre-1-2.png\",\"width\":1200,\"height\":1200,\"caption\":\"Holiday Experts\"},\"image\":{\"@id\":\"https:\\\/\\\/aero-transfers.com\\\/#\\\/schema\\\/logo\\\/image\\\/\"},\"email\":\"contact@aero-transfers.com\",\"telephone\":\"+212663334691\",\"legalName\":\"Holiday Experts\",\"numberOfEmployees\":{\"@type\":\"QuantitativeValue\",\"minValue\":\"1\",\"maxValue\":\"10\"}}]}<\/script>\n<!-- \/ Yoast SEO Premium plugin. -->","yoast_head_json":{"title":"Services - Aero Transfers","robots":{"index":"index","follow":"follow","max-snippet":"max-snippet:-1","max-image-preview":"max-image-preview:large","max-video-preview":"max-video-preview:-1"},"canonical":"https:\/\/aero-transfers.com\/fr\/services\/","og_locale":"fr_FR","og_type":"article","og_title":"Services","og_url":"https:\/\/aero-transfers.com\/fr\/services\/","og_site_name":"Aero Transfers","twitter_card":"summary_large_image","schema":{"@context":"https:\/\/schema.org","@graph":[{"@type":"WebPage","@id":"https:\/\/aero-transfers.com\/services\/","url":"https:\/\/aero-transfers.com\/services\/","name":"Services - Aero Transfers","isPartOf":{"@id":"https:\/\/aero-transfers.com\/#website"},"datePublished":"2015-06-27T10:03:54+00:00","breadcrumb":{"@id":"https:\/\/aero-transfers.com\/services\/#breadcrumb"},"inLanguage":"fr-FR","potentialAction":[{"@type":"ReadAction","target":["https:\/\/aero-transfers.com\/services\/"]}]},{"@type":"BreadcrumbList","@id":"https:\/\/aero-transfers.com\/services\/#breadcrumb","itemListElement":[{"@type":"ListItem","position":1,"name":"Home","item":"https:\/\/aero-transfers.com\/"},{"@type":"ListItem","position":2,"name":"Services"}]},{"@type":"WebSite","@id":"https:\/\/aero-transfers.com\/#website","url":"https:\/\/aero-transfers.com\/","name":"Transferts A\u00e9ro","description":"D\u00e9tendez-vous, nous vous y emm\u00e8nerons","publisher":{"@id":"https:\/\/aero-transfers.com\/#organization"},"potentialAction":[{"@type":"SearchAction","target":{"@type":"EntryPoint","urlTemplate":"https:\/\/aero-transfers.com\/?s={search_term_string}"},"query-input":{"@type":"PropertyValueSpecification","valueRequired":true,"valueName":"search_term_string"}}],"inLanguage":"fr-FR"},{"@type":"Organization","@id":"https:\/\/aero-transfers.com\/#organization","name":"Experts en vacances","url":"https:\/\/aero-transfers.com\/","logo":{"@type":"ImageObject","inLanguage":"fr-FR","@id":"https:\/\/aero-transfers.com\/#\/schema\/logo\/image\/","url":"https:\/\/aero-transfers.com\/wp-content\/uploads\/2024\/02\/Design-sans-titre-1-2.png","contentUrl":"https:\/\/aero-transfers.com\/wp-content\/uploads\/2024\/02\/Design-sans-titre-1-2.png","width":1200,"height":1200,"caption":"Holiday Experts"},"image":{"@id":"https:\/\/aero-transfers.com\/#\/schema\/logo\/image\/"},"email":"contact@aero-transfers.com","telephone":"+212663334691","legalName":"Holiday Experts","numberOfEmployees":{"@type":"QuantitativeValue","minValue":"1","maxValue":"10"}}]}},"jetpack_sharing_enabled":true,"_links":{"self":[{"href":"https:\/\/aero-transfers.com\/fr\/wp-json\/wp\/v2\/pages\/65","targetHints":{"allow":["GET"]}}],"collection":[{"href":"https:\/\/aero-transfers.com\/fr\/wp-json\/wp\/v2\/pages"}],"about":[{"href":"https:\/\/aero-transfers.com\/fr\/wp-json\/wp\/v2\/types\/page"}],"author":[{"embeddable":true,"href":"https:\/\/aero-transfers.com\/fr\/wp-json\/wp\/v2\/users\/1"}],"replies":[{"embeddable":true,"href":"https:\/\/aero-transfers.com\/fr\/wp-json\/wp\/v2\/comments?post=65"}],"version-history":[{"count":0,"href":"https:\/\/aero-transfers.com\/fr\/wp-json\/wp\/v2\/pages\/65\/revisions"}],"wp:attachment":[{"href":"https:\/\/aero-transfers.com\/fr\/wp-json\/wp\/v2\/media?parent=65"}],"curies":[{"name":"wp","href":"https:\/\/api.w.org\/{rel}","templated":true}]}}