{"id":30,"date":"2015-06-25T12:03:03","date_gmt":"2015-06-25T12:03:03","guid":{"rendered":"http:\/\/themeenergy.com\/themes\/wordpress\/transfers\/?page_id=30"},"modified":"2024-02-24T22:48:20","modified_gmt":"2024-02-24T22:48:20","slug":"airport-transfers","status":"publish","type":"page","link":"https:\/\/aero-transfers.com\/fr\/","title":{"rendered":"accueil"},"content":{"rendered":"<p>Le Lorem Ipsum est simplement du faux texte utilis\u00e9 dans la composition et la mise en page avant impression. Il est le faux texte standard de l&#039;industrie depuis les ann\u00e9es 1500, lorsqu&#039;un imprimeur anonyme prit une gal\u00e9e de caract\u00e8res et les m\u00e9langea pour en faire un livre de sp\u00e9cimens de caract\u00e8res. Il a surv\u00e9cu non seulement \u00e0 cinq si\u00e8cles, mais aussi au saut vers la composition \u00e9lectronique, en restant essentiellement inchang\u00e9. Il a \u00e9t\u00e9 popularis\u00e9 dans les ann\u00e9es 1960 avec la publication de feuilles Letraset contenant des passages du Lorem Ipsum, et plus r\u00e9cemment avec des logiciels de PAO comme Aldus PageMaker incluant des versions du Lorem Ipsum.<\/p>","protected":false},"excerpt":{"rendered":"<p>Lorem Ipsum is simply dummy text of the printing and typesetting industry. Lorem Ipsum has been the industry&#8217;s standard dummy text ever since the 1500s, when an unknown printer took a galley of type and scrambled it to make a type specimen book. It has survived not only five centuries, but also the leap into [&hellip;]<\/p>\n","protected":false},"author":1,"featured_media":0,"parent":0,"menu_order":0,"comment_status":"open","ping_status":"closed","template":"page_home.php","meta":{"footnotes":""},"class_list":["post-30","page","type-page","status-publish","hentry"],"yoast_head":"<!-- This site is optimized with the Yoast SEO Premium plugin v22.1 (Yoast SEO v27.5) - https:\/\/yoast.com\/product\/yoast-seo-premium-wordpress\/ -->\n<title>Home - Aero Transfers<\/title>\n<meta name=\"description\" content=\"airport transfers to Marrakech &amp; Morocco with Aero-Transfers.com. Enjoy exclusive, personalized service, luxurious vehicles\" \/>\n<meta name=\"robots\" content=\"index, follow, max-snippet:-1, max-image-preview:large, max-video-preview:-1\" \/>\n<link rel=\"canonical\" href=\"https:\/\/aero-transfers.com\/fr\/\" \/>\n<meta property=\"og:locale\" content=\"fr_FR\" \/>\n<meta property=\"og:type\" content=\"article\" \/>\n<meta property=\"og:title\" content=\"Home\" \/>\n<meta property=\"og:description\" content=\"airport transfers to Marrakech &amp; Morocco with Aero-Transfers.com. Enjoy exclusive, personalized service, luxurious vehicles\" \/>\n<meta property=\"og:url\" content=\"https:\/\/aero-transfers.com\/fr\/\" \/>\n<meta property=\"og:site_name\" content=\"Aero Transfers\" \/>\n<meta property=\"article:modified_time\" content=\"2024-02-24T22:48:20+00:00\" \/>\n<meta name=\"twitter:card\" content=\"summary_large_image\" \/>\n<meta name=\"twitter:label1\" content=\"Dur\u00e9e de lecture estim\u00e9e\" \/>\n\t<meta name=\"twitter:data1\" content=\"1 minute\" \/>\n<script type=\"application\/ld+json\" class=\"yoast-schema-graph\">{\"@context\":\"https:\\\/\\\/schema.org\",\"@graph\":[{\"@type\":\"WebPage\",\"@id\":\"https:\\\/\\\/aero-transfers.com\\\/\",\"url\":\"https:\\\/\\\/aero-transfers.com\\\/\",\"name\":\"Home - Aero Transfers\",\"isPartOf\":{\"@id\":\"https:\\\/\\\/aero-transfers.com\\\/#website\"},\"datePublished\":\"2015-06-25T12:03:03+00:00\",\"dateModified\":\"2024-02-24T22:48:20+00:00\",\"description\":\"airport transfers to Marrakech & Morocco with Aero-Transfers.com. Enjoy exclusive, personalized service, luxurious vehicles\",\"breadcrumb\":{\"@id\":\"https:\\\/\\\/aero-transfers.com\\\/#breadcrumb\"},\"inLanguage\":\"fr-FR\",\"potentialAction\":[{\"@type\":\"ReadAction\",\"target\":[\"https:\\\/\\\/aero-transfers.com\\\/\"]}]},{\"@type\":\"BreadcrumbList\",\"@id\":\"https:\\\/\\\/aero-transfers.com\\\/#breadcrumb\",\"itemListElement\":[{\"@type\":\"ListItem\",\"position\":1,\"name\":\"Home\",\"item\":\"https:\\\/\\\/aero-transfers.com\\\/\"},{\"@type\":\"ListItem\",\"position\":2,\"name\":\"Home\"}]},{\"@type\":\"WebSite\",\"@id\":\"https:\\\/\\\/aero-transfers.com\\\/#website\",\"url\":\"https:\\\/\\\/aero-transfers.com\\\/\",\"name\":\"Aero Transfers\",\"description\":\"Relax, We&#039;ll Take You There\",\"publisher\":{\"@id\":\"https:\\\/\\\/aero-transfers.com\\\/#organization\"},\"potentialAction\":[{\"@type\":\"SearchAction\",\"target\":{\"@type\":\"EntryPoint\",\"urlTemplate\":\"https:\\\/\\\/aero-transfers.com\\\/?s={search_term_string}\"},\"query-input\":{\"@type\":\"PropertyValueSpecification\",\"valueRequired\":true,\"valueName\":\"search_term_string\"}}],\"inLanguage\":\"fr-FR\"},{\"@type\":\"Organization\",\"@id\":\"https:\\\/\\\/aero-transfers.com\\\/#organization\",\"name\":\"Holiday Experts\",\"url\":\"https:\\\/\\\/aero-transfers.com\\\/\",\"logo\":{\"@type\":\"ImageObject\",\"inLanguage\":\"fr-FR\",\"@id\":\"https:\\\/\\\/aero-transfers.com\\\/#\\\/schema\\\/logo\\\/image\\\/\",\"url\":\"https:\\\/\\\/aero-transfers.com\\\/wp-content\\\/uploads\\\/2024\\\/02\\\/Design-sans-titre-1-2.png\",\"contentUrl\":\"https:\\\/\\\/aero-transfers.com\\\/wp-content\\\/uploads\\\/2024\\\/02\\\/Design-sans-titre-1-2.png\",\"width\":1200,\"height\":1200,\"caption\":\"Holiday Experts\"},\"image\":{\"@id\":\"https:\\\/\\\/aero-transfers.com\\\/#\\\/schema\\\/logo\\\/image\\\/\"},\"email\":\"contact@aero-transfers.com\",\"telephone\":\"+212663334691\",\"legalName\":\"Holiday Experts\",\"numberOfEmployees\":{\"@type\":\"QuantitativeValue\",\"minValue\":\"1\",\"maxValue\":\"10\"}}]}<\/script>\n<!-- \/ Yoast SEO Premium plugin. -->","yoast_head_json":{"title":"Accueil - Aero Transfers","description":"Transferts a\u00e9roport vers Marrakech et le Maroc avec Aero-Transfers.com. Profitez d&#039;un service exclusif et personnalis\u00e9, dans des v\u00e9hicules luxueux.","robots":{"index":"index","follow":"follow","max-snippet":"max-snippet:-1","max-image-preview":"max-image-preview:large","max-video-preview":"max-video-preview:-1"},"canonical":"https:\/\/aero-transfers.com\/fr\/","og_locale":"fr_FR","og_type":"article","og_title":"Home","og_description":"airport transfers to Marrakech & Morocco with Aero-Transfers.com. Enjoy exclusive, personalized service, luxurious vehicles","og_url":"https:\/\/aero-transfers.com\/fr\/","og_site_name":"Aero Transfers","article_modified_time":"2024-02-24T22:48:20+00:00","twitter_card":"summary_large_image","twitter_misc":{"Dur\u00e9e de lecture estim\u00e9e":"1 minute"},"schema":{"@context":"https:\/\/schema.org","@graph":[{"@type":"WebPage","@id":"https:\/\/aero-transfers.com\/","url":"https:\/\/aero-transfers.com\/","name":"Accueil - Aero Transfers","isPartOf":{"@id":"https:\/\/aero-transfers.com\/#website"},"datePublished":"2015-06-25T12:03:03+00:00","dateModified":"2024-02-24T22:48:20+00:00","description":"Transferts a\u00e9roport vers Marrakech et le Maroc avec Aero-Transfers.com. Profitez d&#039;un service exclusif et personnalis\u00e9, dans des v\u00e9hicules luxueux.","breadcrumb":{"@id":"https:\/\/aero-transfers.com\/#breadcrumb"},"inLanguage":"fr-FR","potentialAction":[{"@type":"ReadAction","target":["https:\/\/aero-transfers.com\/"]}]},{"@type":"BreadcrumbList","@id":"https:\/\/aero-transfers.com\/#breadcrumb","itemListElement":[{"@type":"ListItem","position":1,"name":"Home","item":"https:\/\/aero-transfers.com\/"},{"@type":"ListItem","position":2,"name":"Home"}]},{"@type":"WebSite","@id":"https:\/\/aero-transfers.com\/#website","url":"https:\/\/aero-transfers.com\/","name":"Transferts A\u00e9ro","description":"D\u00e9tendez-vous, nous vous y emm\u00e8nerons","publisher":{"@id":"https:\/\/aero-transfers.com\/#organization"},"potentialAction":[{"@type":"SearchAction","target":{"@type":"EntryPoint","urlTemplate":"https:\/\/aero-transfers.com\/?s={search_term_string}"},"query-input":{"@type":"PropertyValueSpecification","valueRequired":true,"valueName":"search_term_string"}}],"inLanguage":"fr-FR"},{"@type":"Organization","@id":"https:\/\/aero-transfers.com\/#organization","name":"Experts en vacances","url":"https:\/\/aero-transfers.com\/","logo":{"@type":"ImageObject","inLanguage":"fr-FR","@id":"https:\/\/aero-transfers.com\/#\/schema\/logo\/image\/","url":"https:\/\/aero-transfers.com\/wp-content\/uploads\/2024\/02\/Design-sans-titre-1-2.png","contentUrl":"https:\/\/aero-transfers.com\/wp-content\/uploads\/2024\/02\/Design-sans-titre-1-2.png","width":1200,"height":1200,"caption":"Holiday Experts"},"image":{"@id":"https:\/\/aero-transfers.com\/#\/schema\/logo\/image\/"},"email":"contact@aero-transfers.com","telephone":"+212663334691","legalName":"Holiday Experts","numberOfEmployees":{"@type":"QuantitativeValue","minValue":"1","maxValue":"10"}}]}},"jetpack_sharing_enabled":true,"_links":{"self":[{"href":"https:\/\/aero-transfers.com\/fr\/wp-json\/wp\/v2\/pages\/30","targetHints":{"allow":["GET"]}}],"collection":[{"href":"https:\/\/aero-transfers.com\/fr\/wp-json\/wp\/v2\/pages"}],"about":[{"href":"https:\/\/aero-transfers.com\/fr\/wp-json\/wp\/v2\/types\/page"}],"author":[{"embeddable":true,"href":"https:\/\/aero-transfers.com\/fr\/wp-json\/wp\/v2\/users\/1"}],"replies":[{"embeddable":true,"href":"https:\/\/aero-transfers.com\/fr\/wp-json\/wp\/v2\/comments?post=30"}],"version-history":[{"count":1,"href":"https:\/\/aero-transfers.com\/fr\/wp-json\/wp\/v2\/pages\/30\/revisions"}],"predecessor-version":[{"id":611,"href":"https:\/\/aero-transfers.com\/fr\/wp-json\/wp\/v2\/pages\/30\/revisions\/611"}],"wp:attachment":[{"href":"https:\/\/aero-transfers.com\/fr\/wp-json\/wp\/v2\/media?parent=30"}],"curies":[{"name":"wp","href":"https:\/\/api.w.org\/{rel}","templated":true}]}}